{"id":39,"date":"2026-05-09T18:00:57","date_gmt":"2026-05-09T18:00:57","guid":{"rendered":"https:\/\/f8bet.hu.net\/index.php\/soi-keo-tai-xiu\/"},"modified":"2026-05-09T19:58:36","modified_gmt":"2026-05-09T19:58:36","slug":"soi-keo-tai-xiu","status":"publish","type":"page","link":"https:\/\/f8bet.hu.net\/index.php\/soi-keo-tai-xiu\/","title":{"rendered":"Soi k\u00e8o t\u00e0i x\u1ec9u"},"content":{"rendered":"<p>B\u1ea1n \u0111ang t\u00ecm c\u00e1ch soi k\u00e8o t\u00e0i x\u1ec9u hi\u1ec7u qu\u1ea3? soi k\u00e8o t\u00e0i x\u1ec9u <a href=\"https:\/\/f8bet.hu.net\">F8bet<\/a> l\u00e0 c\u1ea9m nang to\u00e0n di\u1ec7n, t\u1eeb kh\u00e1i ni\u1ec7m c\u01a1 b\u1ea3n \u0111\u1ebfn chi\u1ebfn thu\u1eadt n\u00e2ng cao, gi\u00fap b\u1ea1n t\u1ef1 tin \u0111\u01b0a ra quy\u1ebft \u0111\u1ecbnh. F8bet kh\u00f4ng ch\u1ec9 n\u1ed5i b\u1eadt v\u1edbi t\u1ef7 l\u1ec7 c\u01b0\u1ee3c c\u1ea1nh tranh m\u00e0 c\u00f2n mang \u0111\u1ebfn ch\u00ednh s\u00e1ch ho\u00e0n tr\u1ea3 2% m\u1ed7i ng\u00e0y c\u00f9ng d\u1ecbch v\u1ee5 ch\u0103m s\u00f3c kh\u00e1ch h\u00e0ng chuy\u00ean nghi\u1ec7p. V\u1edbi \u0111\u1ed9 uy t\u00edn \u0111\u00e3 \u0111\u01b0\u1ee3c kh\u1eb3ng \u0111\u1ecbnh, \u0111\u00e2y ch\u00ednh l\u00e0 l\u1ef1a ch\u1ecdn h\u00e0ng \u0111\u1ea7u cho ng\u01b0\u1eddi ch\u01a1i c\u00e1 c\u01b0\u1ee3c b\u00f3ng \u0111\u00e1. \u0110\u1eebng ch\u1ea7n ch\u1eeb, h\u00e3y \u0111\u0103ng k\u00fd ngay \u0111\u1ec3 t\u1eadn h\u01b0\u1edfng \u01b0u \u0111\u00e3i v\u00e0 n\u00e2ng cao c\u01a1 h\u1ed9i chi\u1ebfn th\u1eafng!<\/p>\n<figure class=\"article-image\" style=\"text-align: center; margin: 20px auto;\"><img decoding=\"async\" style=\"display: block; margin-left: auto; margin-right: auto; max-width: 100%; height: auto;\" title=\"cac-san-pham-ca-cuoc-cua-f8bet-gom-the-thao-casino-va-slot-game\" src=\"https:\/\/f8bet.hu.net\/wp-content\/uploads\/2026\/05\/cac-san-pham-ca-cuoc-cua-f8bet-gom-the-t-soi-keo-tai-xiu.webp\" alt=\"C\u00e1c s\u1ea3n ph\u1ea9m c\u00e1 c\u01b0\u1ee3c c\u1ee7a F8bet g\u1ed3m th\u1ec3 thao, casino v\u00e0 slot game\" \/><figcaption style=\"text-align: center;\">C\u00e1c s\u1ea3n ph\u1ea9m c\u00e1 c\u01b0\u1ee3c c\u1ee7a F8bet g\u1ed3m th\u1ec3 thao, casino v\u00e0 slot game<\/figcaption><\/figure>\n<p>F8bet cung c\u1ea5p \u0111a d\u1ea1ng s\u1ea3n ph\u1ea9m c\u00e1 c\u01b0\u1ee3c, \u0111\u1eb7c bi\u1ec7t l\u00e0 k\u00e8o t\u00e0i x\u1ec9u b\u00f3ng \u0111\u00e1 (over under)<\/p>\n<h2>Gi\u1edbi thi\u1ec7u F8bet l\u00e0 ai<\/h2>\n<p>F8bet l\u00e0 m\u1ed9t nh\u00e0 c\u00e1i c\u00e1 c\u01b0\u1ee3c tr\u1ef1c tuy\u1ebfn uy t\u00edn, chuy\u00ean cung c\u1ea5p c\u00e1c s\u1ea3n ph\u1ea9m th\u1ec3 thao, casino v\u00e0 \u0111\u1eb7c bi\u1ec7t l\u00e0 d\u1ecbch v\u1ee5 soi k\u00e8o t\u00e0i x\u1ec9u F8bet ch\u1ea5t l\u01b0\u1ee3ng cao. V\u1edbi gi\u1ea5y ph\u00e9p ho\u1ea1t \u0111\u1ed9ng h\u1ee3p ph\u00e1p t\u1eeb c\u00e1c t\u1ed5 ch\u1ee9c qu\u1ed1c t\u1ebf, F8bet quy tr\u00ecnh \u0111\u01b0\u1ee3c tr\u00ecnh b\u00e0y r\u00f5 r\u00e0ng \u0111\u1ec3 ng\u01b0\u1eddi d\u00f9ng ki\u1ec3m tra tr\u01b0\u1edbc khi giao d\u1ecbch, minh b\u1ea1ch cho ng\u01b0\u1eddi ch\u01a1i. Kh\u00f4ng gi\u1ed1ng nh\u01b0 c\u00e1c c\u1ed5ng game th\u00f4ng th\u01b0\u1eddng, F8bet ho\u1ea1t \u0111\u1ed9ng nh\u01b0 m\u1ed9t nh\u00e0 c\u00e1i chuy\u00ean nghi\u1ec7p, \u0111\u1ea3m b\u1ea3o b\u1ea3o m\u1eadt th\u00f4ng tin v\u00e0 thanh to\u00e1n nhanh ch\u00f3ng. \u0110\u01b0\u1ee3c nhi\u1ec1u ng\u01b0\u1eddi ch\u01a1i Vi\u1ec7t Nam tin t\u01b0\u1edfng, F8bet lu\u00f4n c\u1eadp nh\u1eadt c\u00e1c t\u1ef7 l\u1ec7 k\u00e8o h\u1ea5p d\u1eabn, gi\u00fap b\u1ea1n d\u1ec5 d\u00e0ng tham gia soi k\u00e8o v\u00e0 t\u1ed1i \u01b0u l\u1ee3i nhu\u1eadn. H\u1ec7 th\u1ed1ng h\u1ed7 tr\u1ee3 kh\u00e1ch h\u00e0ng ho\u1ea1t \u0111\u1ed9ng trong khung gi\u1edd h\u1ed7 tr\u1ee3 \u0111\u01b0\u1ee3c c\u00f4ng b\u1ed1, s\u1eb5n s\u00e0ng gi\u1ea3i \u0111\u00e1p m\u1ecdi th\u1eafc m\u1eafc c\u1ee7a b\u1ea1n.<\/p>\n<h2>F8bet c\u00f3 s\u1ea3n ph\u1ea9m g\u00ec<\/h2>\n<p>F8bet cung c\u1ea5p \u0111a d\u1ea1ng s\u1ea3n ph\u1ea9m c\u00e1 c\u01b0\u1ee3c, n\u1ed5i b\u1eadt nh\u1ea5t l\u00e0 c\u00e1c k\u00e8o th\u1ec3 thao, \u0111\u1eb7c bi\u1ec7t l\u00e0 k\u00e8o over under (t\u00e0i x\u1ec9u) trong b\u00f3ng \u0111\u00e1. B\u00ean c\u1ea1nh \u0111\u00f3, ng\u01b0\u1eddi ch\u01a1i c\u00f2n c\u00f3 th\u1ec3 tr\u1ea3i nghi\u1ec7m casino tr\u1ef1c tuy\u1ebfn v\u1edbi c\u00e1c game b\u00e0i, roulette, baccarat, c\u00f9ng h\u00e0ng tr\u0103m slot game h\u1ea5p d\u1eabn. Giao di\u1ec7n \u0111\u01b0\u1ee3c thi\u1ebft k\u1ebf th\u00e2n thi\u1ec7n, gi\u00fap b\u1ea1n d\u1ec5 d\u00e0ng tham gia soi t\u00e0i x\u1ec9u b\u00f3ng \u0111\u00e1 v\u00e0 theo d\u00f5i t\u1ef7 l\u1ec7 c\u01b0\u1ee3c c\u1ea1nh tranh. T\u1ea5t c\u1ea3 \u0111\u1ec1u \u0111\u01b0\u1ee3c t\u1ed1i \u01b0u \u0111\u1ec3 mang l\u1ea1i tr\u1ea3i nghi\u1ec7m m\u01b0\u1ee3t m\u00e0 tr\u00ean m\u1ecdi thi\u1ebft b\u1ecb.<\/p>\n<h2>Lu\u1eadt ch\u01a1i k\u00e8o t\u00e0i x\u1ec9u t\u1ea1i F8bet<\/h2>\n<p>Khi th\u1ef1c hi\u1ec7n soi k\u00e8o t\u00e0i x\u1ec9u F8bet, ng\u01b0\u1eddi ch\u01a1i c\u1ea7n n\u1eafm r\u00f5 lu\u1eadt ch\u01a1i c\u01a1 b\u1ea3n. K\u00e8o t\u00e0i x\u1ec9u (c\u00f2n g\u1ecdi l\u00e0 k\u00e8o over under) l\u00e0 lo\u1ea1i c\u01b0\u1ee3c d\u1ef1a tr\u00ean t\u1ed5ng s\u1ed1 b\u00e0n th\u1eafng c\u1ee7a tr\u1eadn \u0111\u1ea5u. B\u1ea1n kh\u00f4ng c\u1ea7n quan t\u00e2m \u0111\u1ed9i n\u00e0o th\u1eafng, ch\u1ec9 c\u1ea7n d\u1ef1 \u0111o\u00e1n t\u1ed5ng s\u1ed1 b\u00e0n th\u1eafng s\u1ebd cao h\u01a1n (T\u00e0i) hay th\u1ea5p h\u01a1n (X\u1ec9u) m\u1ee9c t\u1ef7 l\u1ec7 nh\u00e0 c\u00e1i \u0111\u01b0a ra.<\/p>\n<p>C\u00e1c b\u01b0\u1edbc \u0111\u1eb7t c\u01b0\u1ee3c t\u1ea1i F8bet r\u1ea5t \u0111\u01a1n gi\u1ea3n: ch\u1ecdn tr\u1eadn \u0111\u1ea5u, ch\u1ecdn c\u1eeda T\u00e0i ho\u1eb7c X\u1ec9u, nh\u1eadp s\u1ed1 ti\u1ec1n c\u01b0\u1ee3c v\u00e0 x\u00e1c nh\u1eadn. Quy t\u1eafc t\u00ednh th\u1eafng thua d\u1ef1a tr\u00ean k\u1ebft qu\u1ea3 chung cu\u1ed9c. V\u00ed d\u1ee5: n\u1ebfu t\u1ef7 l\u1ec7 t\u00e0i x\u1ec9u l\u00e0 2.5, v\u00e0 tr\u1eadn \u0111\u1ea5u k\u1ebft th\u00fac v\u1edbi 3 b\u00e0n, c\u1eeda T\u00e0i th\u1eafng; ng\u01b0\u1ee3c l\u1ea1i, n\u1ebfu ch\u1ec9 c\u00f3 2 b\u00e0n, c\u1eeda X\u1ec9u th\u1eafng. T\u1ef7 l\u1ec7 tr\u1ea3 th\u01b0\u1edfng \u0111\u01b0\u1ee3c hi\u1ec3n th\u1ecb r\u00f5 tr\u00ean giao di\u1ec7n, gi\u00fap b\u1ea1n t\u00ednh to\u00e1n l\u1ee3i nhu\u1eadn tr\u01b0\u1edbc khi \u0111\u1eb7t c\u01b0\u1ee3c.<\/p>\n<h2>L\u1ee3i \u00edch khi ch\u01a1i t\u1ea1i F8bet<\/h2>\n<figure class=\"article-image\" style=\"text-align: center; margin: 20px auto;\"><img decoding=\"async\" style=\"display: block; margin-left: auto; margin-right: auto; max-width: 100%; height: auto;\" title=\"cac-san-pham-ca-cuoc-cua-f8bet-gom-the-thao-casino-va-slot-game\" src=\"https:\/\/f8bet.hu.net\/wp-content\/uploads\/2026\/05\/cac-san-pham-ca-cuoc-cua-f8bet-gom-the-t-soi-keo-tai-xiu-1.webp\" alt=\"C\u00e1c s\u1ea3n ph\u1ea9m c\u00e1 c\u01b0\u1ee3c c\u1ee7a F8bet g\u1ed3m th\u1ec3 thao, casino v\u00e0 slot game\" \/><figcaption style=\"text-align: center;\">C\u00e1c s\u1ea3n ph\u1ea9m c\u00e1 c\u01b0\u1ee3c c\u1ee7a F8bet g\u1ed3m th\u1ec3 thao, casino v\u00e0 slot game<\/figcaption><\/figure>\n<p>F8bet cung c\u1ea5p \u0111a d\u1ea1ng s\u1ea3n ph\u1ea9m c\u00e1 c\u01b0\u1ee3c, \u0111\u1eb7c bi\u1ec7t l\u00e0 k\u00e8o t\u00e0i x\u1ec9u b\u00f3ng \u0111\u00e1 (over under)<\/p>\n<p>Khi l\u1ef1a ch\u1ecdn F8bet l\u00e0m n\u01a1i soi k\u00e8o t\u00e0i x\u1ec9u, b\u1ea1n s\u1ebd nh\u1eadn \u0111\u01b0\u1ee3c v\u00f4 v\u00e0n l\u1ee3i \u00edch thi\u1ebft th\u1ef1c. Tr\u01b0\u1edbc h\u1ebft, a) ch\u00ednh s\u00e1ch ho\u00e0n tr\u1ea3 2% kh\u00f4ng gi\u1edbi h\u1ea1n l\u00e0 \u0111i\u1ec3m c\u1ed9ng l\u1edbn: d\u00f9 k\u1ebft qu\u1ea3 th\u1ebf n\u00e0o, b\u1ea1n v\u1eabn \u0111\u01b0\u1ee3c ho\u00e0n l\u1ea1i m\u1ed9t ph\u1ea7n ti\u1ec1n c\u01b0\u1ee3c, gi\u00fap duy tr\u00ec ngu\u1ed3n v\u1ed1n \u1ed5n \u0111\u1ecbnh. Th\u1ee9 hai, b) \u0111\u1ed9i ng\u0169 ch\u0103m s\u00f3c kh\u00e1ch h\u00e0ng ho\u1ea1t \u0111\u1ed9ng trong khung gi\u1edd h\u1ed7 tr\u1ee3 \u0111\u01b0\u1ee3c c\u00f4ng b\u1ed1 v\u1edbi s\u1ef1 nhi\u1ec7t t\u00ecnh v\u00e0 chuy\u00ean nghi\u1ec7p, s\u1eb5n s\u00e0ng gi\u1ea3i \u0111\u00e1p m\u1ecdi th\u1eafc m\u1eafc qua live chat, email hay \u0111i\u1ec7n tho\u1ea1i, \u0111\u1ea3m b\u1ea3o tr\u1ea3i nghi\u1ec7m kh\u00f4ng gi\u00e1n \u0111o\u1ea1n. Cu\u1ed1i c\u00f9ng, c) t\u1ef7 l\u1ec7 c\u01b0\u1ee3c t\u1ea1i F8bet lu\u00f4n c\u1ea1nh tranh, \u0111\u01b0\u1ee3c c\u1eadp nh\u1eadt theo s\u00e1t bi\u1ebfn \u0111\u1ed9ng th\u1ecb tr\u01b0\u1eddng, c\u00f9ng t\u1ed1c \u0111\u1ed9 giao d\u1ecbch nhanh ch\u00f3ng ch\u1ec9 trong v\u00e0i gi\u00e2y, gi\u00fap b\u1ea1n kh\u00f4ng b\u1ecf l\u1ee1 c\u01a1 h\u1ed9i \u0111\u1eb7t c\u01b0\u1ee3c. \u0110\u1eb7c bi\u1ec7t, <a href=\"https:\/\/f8bet.hu.net\">F8 Bet<\/a> cam k\u1ebft b\u1ea3o m\u1eadt th\u00f4ng tin tuy\u1ec7t \u0111\u1ed1i, \u00e1p d\u1ee5ng c\u00f4ng ngh\u1ec7 m\u00e3 h\u00f3a hi\u1ec7n \u0111\u1ea1i, mang l\u1ea1i s\u1ef1 an t\u00e2m cho m\u1ecdi ng\u01b0\u1eddi ch\u01a1i. Nh\u1edd nh\u1eefng \u01b0u \u0111i\u1ec3m n\u00e0y, vi\u1ec7c soi k\u00e8o t\u00e0i x\u1ec9u tr\u1edf n\u00ean d\u1ec5 d\u00e0ng v\u00e0 hi\u1ec7u qu\u1ea3 h\u01a1n bao gi\u1edd h\u1ebft.<\/p>\n<h2>Ch\u0103m s\u00f3c kh\u00e1ch h\u00e0ng t\u1ea1i F8bet<\/h2>\n<p>T\u1ea1i F8bet, d\u1ecbch v\u1ee5 ch\u0103m s\u00f3c kh\u00e1ch h\u00e0ng \u0111\u01b0\u1ee3c thi\u1ebft k\u1ebf \u0111\u1ec3 h\u1ed7 tr\u1ee3 ng\u01b0\u1eddi ch\u01a1i m\u1ecdi l\u00fac, m\u1ecdi n\u01a1i. V\u1edbi ph\u01b0\u01a1ng ch\u00e2m ho\u1ea1t \u0111\u1ed9ng trong khung gi\u1edd h\u1ed7 tr\u1ee3 \u0111\u01b0\u1ee3c c\u00f4ng b\u1ed1, \u0111\u1ed9i ng\u0169 h\u1ed7 tr\u1ee3 lu\u00f4n s\u1eb5n s\u00e0ng gi\u1ea3i quy\u1ebft c\u00e1c v\u1ea5n \u0111\u1ec1 ph\u00e1t sinh m\u1ed9t c\u00e1ch nhanh ch\u00f3ng v\u00e0 chuy\u00ean nghi\u1ec7p.<\/p>\n<p>a. Chat tr\u1ef1c tuy\u1ebfn: K\u00eanh li\u00ean l\u1ea1c nhanh nh\u1ea5t, th\u1eddi gian ph\u1ea3n h\u1ed3i ch\u1ec9 trong v\u00e0i ph\u00fat. Ph\u00f9 h\u1ee3p \u0111\u1ec3 h\u1ecfi v\u1ec1 lu\u1eadt ch\u01a1i, c\u00e1ch soi k\u00e8o t\u00e0i x\u1ec9u hay th\u1eafc m\u1eafc k\u1ef9 thu\u1eadt.<\/p>\n<p>b. Email: D\u00e0nh cho c\u00e1c y\u00eau c\u1ea7u c\u1ea7n ghi nh\u1eadn chi ti\u1ebft nh\u01b0 khi\u1ebfu n\u1ea1i v\u1ec1 giao d\u1ecbch ho\u1eb7c t\u00e0i kho\u1ea3n. \u0110\u1ed9i ng\u0169 x\u1eed l\u00fd s\u1ebd ph\u1ea3n h\u1ed3i trong khung gi\u1edd h\u00e0nh ch\u00ednh.<\/p>\n<p>c. Hotline: H\u1ed7 tr\u1ee3 tr\u1ef1c ti\u1ebfp qua \u0111i\u1ec7n tho\u1ea1i, th\u00edch h\u1ee3p khi c\u1ea7n can thi\u1ec7p kh\u1ea9n c\u1ea5p.<\/p>\n<p>Nh\u1edd quy tr\u00ecnh l\u00e0m vi\u1ec7c b\u00e0i b\u1ea3n v\u00e0 nh\u00e2n vi\u00ean c\u00f3 quy tr\u00ecnh h\u1ed7 tr\u1ee3 r\u00f5 r\u00e0ng, F8 Bet cam k\u1ebft mang \u0111\u1ebfn s\u1ef1 h\u00e0i l\u00f2ng t\u1ed1i \u0111a cho t\u1eebng ng\u01b0\u1eddi ch\u01a1i. M\u1ecdi v\u1ea5n \u0111\u1ec1 \u0111\u1ec1u \u0111\u01b0\u1ee3c ti\u1ebfp nh\u1eadn v\u00e0 x\u1eed l\u00fd minh b\u1ea1ch, \u0111\u00fang quy \u0111\u1ecbnh.<\/p>\n<h2>Ho\u00e0n tr\u1ea3 2% t\u1ea1i F8bet<\/h2>\n<p>F8bet tri\u1ec3n khai ch\u01b0\u01a1ng tr\u00ecnh ho\u00e0n tr\u1ea3 2% d\u00e0nh cho t\u1ea5t c\u1ea3 th\u00e0nh vi\u00ean, \u00e1p d\u1ee5ng tr\u00ean m\u1ecdi c\u01b0\u1ee3c thua. Kh\u00f4ng gi\u1edbi h\u1ea1n s\u1ed1 ti\u1ec1n ho\u00e0n v\u00e0 kh\u00f4ng y\u00eau c\u1ea7u \u0111i\u1ec1u ki\u1ec7n ph\u1ee9c t\u1ea1p. Ch\u00ednh s\u00e1ch n\u00e0y ho\u1ea1t \u0111\u1ed9ng tr\u00ean to\u00e0n b\u1ed9 s\u1ea3n ph\u1ea9m c\u1ee7a nh\u00e0 c\u00e1i, t\u1eeb th\u1ec3 thao, casino tr\u1ef1c tuy\u1ebfn \u0111\u1ebfn slot game. H\u00e0ng ng\u00e0y, h\u1ec7 th\u1ed1ng t\u1ef1 \u0111\u1ed9ng c\u1eadp nh\u1eadt ti\u1ec1n ho\u00e0n tr\u1ef1c ti\u1ebfp v\u00e0o t\u00e0i kho\u1ea3n, gi\u00fap ng\u01b0\u1eddi ch\u01a1i c\u00f3 th\u00eam ngu\u1ed3n v\u1ed1n \u0111\u1ec3 ti\u1ebfp t\u1ee5c tr\u1ea3i nghi\u1ec7m. V\u00ed d\u1ee5: n\u1ebfu b\u1ea1n \u0111\u1eb7t c\u01b0\u1ee3c 1.000.000 VN\u0110 v\u00e0 thua, b\u1ea1n s\u1ebd nh\u1eadn l\u1ea1i 20.000 VN\u0110. \u0110\u00e2y l\u00e0 m\u1ed9t l\u1ee3i th\u1ebf r\u00f5 r\u1ec7t so v\u1edbi nhi\u1ec1u nh\u00e0 c\u00e1i kh\u00e1c, t\u1ea1o \u0111\u1ed9ng l\u1ef1c \u0111\u1ec3 b\u1ea1n y\u00ean t\u00e2m tham gia soi k\u00e8o t\u00e0i x\u1ec9u m\u00e0 kh\u00f4ng lo m\u1ea5t tr\u1eafng.<\/p>\n<h2>C\u00e2u h\u1ecfi th\u01b0\u1eddng g\u1eb7p v\u1ec1 soi k\u00e8o t\u00e0i x\u1ec9u F8bet<\/h2>\n<figure class=\"article-image\" style=\"text-align: center; margin: 20px auto;\"><img decoding=\"async\" style=\"display: block; margin-left: auto; margin-right: auto; max-width: 100%; height: auto;\" title=\"minh-hoa-luat-choi-keo-tai-xiu-tong-ban-thang-va-ty-le-cuoc\" src=\"https:\/\/f8bet.hu.net\/wp-content\/uploads\/2026\/05\/minh-hoa-luat-choi-keo-tai-xiu-tong-ban-soi-keo-tai-xiu.webp\" alt=\"Minh h\u1ecda lu\u1eadt ch\u01a1i k\u00e8o t\u00e0i x\u1ec9u: t\u1ed5ng b\u00e0n th\u1eafng v\u00e0 t\u1ef7 l\u1ec7 c\u01b0\u1ee3c\" \/><figcaption style=\"text-align: center;\">Minh h\u1ecda lu\u1eadt ch\u01a1i k\u00e8o t\u00e0i x\u1ec9u: t\u1ed5ng b\u00e0n th\u1eafng v\u00e0 t\u1ef7 l\u1ec7 c\u01b0\u1ee3c<\/figcaption><\/figure>\n<p>Lu\u1eadt ch\u01a1i k\u00e8o t\u00e0i x\u1ec9u t\u1ea1i F8bet: d\u1ef1 \u0111o\u00e1n t\u1ed5ng s\u1ed1 b\u00e0n th\u1eafng cao h\u01a1n (T\u00e0i) ho\u1eb7c th\u1ea5p h\u01a1n (X\u1ec9u) m\u1ee9c t\u1ef7 l\u1ec7 nh\u00e0 c\u00e1i \u0111\u01b0a ra<\/p>\n<p>H\u1ecfi: L\u00e0m th\u1ebf n\u00e0o \u0111\u1ec3 soi k\u00e8o t\u00e0i x\u1ec9u F8bet hi\u1ec7u qu\u1ea3?<\/p>\n<p>Tr\u1ea3 l\u1eddi: B\u1ea1n c\u1ea7n n\u1eafm r\u00f5 lu\u1eadt ch\u01a1i, theo d\u00f5i phong \u0111\u1ed9 \u0111\u1ed9i b\u00f3ng v\u00e0 s\u1eed d\u1ee5ng c\u00e1c ch\u1ec9 s\u1ed1 th\u1ed1ng k\u00ea t\u1eeb nh\u00e0 c\u00e1i.<\/p>\n<p>H\u1ecfi: Nh\u00e0 c\u00e1i F8bet c\u00f3 ch\u00ednh s\u00e1ch ho\u00e0n tr\u1ea3 2% kh\u00f4ng?<\/p>\n<p>Tr\u1ea3 l\u1eddi: C\u00f3, nh\u00e0 c\u00e1i F8bet \u00e1p d\u1ee5ng ho\u00e0n tr\u1ea3 2% cho m\u1ecdi c\u01b0\u1ee3c thua kh\u00f4ng gi\u1edbi h\u1ea1n, gi\u00fap b\u1ea1n gi\u1ea3m r\u1ee7i ro \u0111\u00e1ng k\u1ec3.<\/p>\n<p>H\u1ecfi: K\u00e8o over under l\u00e0 g\u00ec?<\/p>\n<p>Tr\u1ea3 l\u1eddi: K\u00e8o over under (t\u00e0i x\u1ec9u) l\u00e0 lo\u1ea1i c\u01b0\u1ee3c d\u1ef1a tr\u00ean t\u1ed5ng s\u1ed1 b\u00e0n th\u1eafng; b\u1ea1n ch\u1ecdn T\u00e0i n\u1ebfu t\u1ed5ng b\u00e0n l\u1edbn h\u01a1n m\u1ed1c, X\u1ec9u n\u1ebfu nh\u1ecf h\u01a1n.<\/p>\n<p>H\u1ecfi: Th\u1eddi gian n\u1ea1p r\u00fat t\u1ea1i F8bet m\u1ea5t bao l\u00e2u?<\/p>\n<p>Tr\u1ea3 l\u1eddi: Th\u1eddi gian x\u1eed l\u00fd nhanh, th\u01b0\u1eddng ch\u1ec9 v\u00e0i ph\u00fat v\u1edbi c\u00e1c giao d\u1ecbch n\u1ed9i b\u1ed9.<\/p>\n<p>H\u1ecfi: L\u00e0m sao \u0111\u1ec3 nh\u1eadn \u01b0u \u0111\u00e3i ho\u00e0n tr\u1ea3 2%?<\/p>\n<p>Tr\u1ea3 l\u1eddi: B\u1ea1n ch\u1ec9 c\u1ea7n \u0111\u0103ng nh\u1eadp v\u00e0 \u0111\u1eb7t c\u01b0\u1ee3c b\u00ecnh th\u01b0\u1eddng, ti\u1ec1n ho\u00e0n tr\u1ea3 s\u1ebd t\u1ef1 \u0111\u1ed9ng c\u1eadp nh\u1eadt h\u00e0ng ng\u00e0y.<\/p>\n<p>H\u1ecfi: C\u00e1ch \u0111\u1eb7t c\u01b0\u1ee3c t\u00e0i x\u1ec9u t\u1ea1i F8bet nh\u01b0 th\u1ebf n\u00e0o?<\/p>\n<p>Tr\u1ea3 l\u1eddi: Sau khi ch\u1ecdn tr\u1eadn \u0111\u1ea5u, b\u1ea1n ch\u1ecdn lo\u1ea1i k\u00e8o T\u00e0i ho\u1eb7c X\u1ec9u, nh\u1eadp s\u1ed1 ti\u1ec1n v\u00e0 x\u00e1c nh\u1eadn. K\u1ebft qu\u1ea3 d\u1ef1a tr\u00ean t\u1ed5ng b\u00e0n th\u1eafng sau 90 ph\u00fat.<\/p>\n<p>H\u1ecfi: F8bet c\u00f3 h\u1ed7 tr\u1ee3 soi k\u00e8o t\u00e0i x\u1ec9u mi\u1ec5n ph\u00ed kh\u00f4ng?<\/p>\n<p>Tr\u1ea3 l\u1eddi: Nh\u00e0 c\u00e1i F8bet cung c\u1ea5p c\u00e1c b\u00e0i ph\u00e2n t\u00edch v\u00e0 th\u1ed1ng k\u00ea mi\u1ec5n ph\u00ed, gi\u00fap b\u1ea1n \u0111\u01b0a ra quy\u1ebft \u0111\u1ecbnh ch\u00ednh x\u00e1c.<\/p>\n<p>Hy v\u1ecdng nh\u1eefng h\u01b0\u1edbng d\u1eabn chi ti\u1ebft trong b\u00e0i vi\u1ebft v\u1ec1 soi k\u00e8o t\u00e0i x\u1ec9u \u0111\u00e3 gi\u00fap b\u1ea1n t\u1ef1 tin h\u01a1n khi \u0111\u1eb7t c\u01b0\u1ee3c. N\u1ebfu b\u1ea1n \u0111ang t\u00ecm ki\u1ebfm m\u1ed9t nh\u00e0 c\u00e1i uy t\u00edn \u0111\u1ec3 b\u1eaft \u0111\u1ea7u, h\u00e3y truy c\u1eadp ngay F8bet. T\u1ea1i \u0111\u00e2y, b\u1ea1n s\u1ebd t\u00ecm th\u1ea5y t\u1ef7 l\u1ec7 c\u01b0\u1ee3c c\u1ea1nh tranh, nhi\u1ec1u l\u1ef1a ch\u1ecdn k\u00e8o \u0111a d\u1ea1ng v\u00e0 c\u00e1c ch\u01b0\u01a1ng tr\u00ecnh khuy\u1ebfn m\u00e3i h\u1ea5p d\u1eabn ho\u00e0n tr\u1ea3 2% m\u1ed7i ng\u00e0y theo th\u00f4ng tin t\u1eeb website. B\u00ean c\u1ea1nh \u0111\u00f3, \u0111\u1ec3 hi\u1ec3u r\u00f5 h\u01a1n v\u1ec1 c\u00e1ch ch\u01a1i v\u00e0 chi\u1ebfn thu\u1eadt hi\u1ec7u qu\u1ea3, b\u1ea1n c\u00f3 th\u1ec3 tham kh\u1ea3o th\u00eam h\u01b0\u1edbng d\u1eabn t\u1ea1i F8 Bet. \u0110\u1ed9i ng\u0169 ch\u0103m s\u00f3c kh\u00e1ch h\u00e0ng lu\u00f4n s\u1eb5n s\u00e0ng h\u1ed7 tr\u1ee3 b\u1ea1n m\u1ecdi l\u00fac. \u0110\u1eebng b\u1ecf l\u1ee1 c\u01a1 h\u1ed9i, h\u00e3y \u0111\u0103ng k\u00fd t\u00e0i kho\u1ea3n ngay h\u00f4m nay v\u00e0 b\u1eaft \u0111\u1ea7u h\u00e0nh tr\u00ecnh c\u00e1 c\u01b0\u1ee3c th\u00fa v\u1ecb c\u1ee7a b\u1ea1n. Ch\u00fac b\u1ea1n may m\u1eafn v\u00e0 chi\u1ebfn th\u1eafng!<\/p>\n<h2>C\u00e2u h\u1ecfi th\u01b0\u1eddng g\u1eb7p<\/h2>\n<p>1. L\u00e0m th\u1ebf n\u00e0o \u0111\u1ec3 soi k\u00e8o t\u00e0i x\u1ec9u t\u1ea1i F8bet?<\/p>\n<p>\u0110\u0103ng nh\u1eadp t\u00e0i kho\u1ea3n, ch\u1ecdn tr\u1eadn \u0111\u1ea5u v\u00e0 lo\u1ea1i k\u00e8o t\u00e0i x\u1ec9u, ph\u00e2n t\u00edch th\u00f4ng tin hai \u0111\u1ed9i tr\u01b0\u1edbc khi \u0111\u1eb7t c\u01b0\u1ee3c.<\/p>\n<p>2. Ho\u00e0n tr\u1ea3 2% c\u00f3 \u00e1p d\u1ee5ng cho k\u00e8o t\u00e0i x\u1ec9u kh\u00f4ng?<\/p>\n<p>C\u00f3, t\u1ea5t c\u1ea3 c\u00e1c lo\u1ea1i c\u01b0\u1ee3c \u0111\u1ec1u \u0111\u01b0\u1ee3c ho\u00e0n tr\u1ea3 2% h\u00e0ng ng\u00e0y, bao g\u1ed3m c\u1ea3 k\u00e8o t\u00e0i x\u1ec9u.<\/p>\n<p>3. F8bet c\u00f3 h\u1ed7 tr\u1ee3 CSKH trong khung gi\u1edd h\u1ed7 tr\u1ee3 \u0111\u01b0\u1ee3c c\u00f4ng b\u1ed1 kh\u00f4ng?<\/p>\n<p>C\u00f3, \u0111\u1ed9i ng\u0169 h\u1ed7 tr\u1ee3 lu\u00f4n s\u1eb5n s\u00e0ng qua live chat v\u00e0 email.<\/p>\n<p>4. T\u00f4i c\u00f3 th\u1ec3 \u0111\u1eb7t c\u01b0\u1ee3c t\u00e0i x\u1ec9u hi\u1ec7p 1 kh\u00f4ng?<\/p>\n<p>C\u00f3, F8bet cung c\u1ea5p k\u00e8o t\u00e0i x\u1ec9u cho c\u1ea3 hi\u1ec7p 1 v\u00e0 to\u00e0n tr\u1eadn.<\/p>\n<p>K\u1ebft l\u1ea1i, soi k\u00e8o t\u00e0i x\u1ec9u f8bet n\u00ean \u0111\u01b0\u1ee3c xem x\u00e9t d\u1ef1a tr\u00ean nhu c\u1ea7u th\u1ef1c t\u1ebf, \u0111i\u1ec1u ki\u1ec7n \u00e1p d\u1ee5ng v\u00e0 ngu\u1ed3n th\u00f4ng tin ch\u00ednh th\u1ee9c. C\u00e1ch ti\u1ebfp c\u1eadn th\u1eadn tr\u1ecdng gi\u00fap ng\u01b0\u1eddi \u0111\u1ecdc hi\u1ec3u r\u00f5 gi\u1edbi h\u1ea1n, ch\u1ecdn b\u01b0\u1edbc ti\u1ebfp theo ph\u00f9 h\u1ee3p v\u00e0 tr\u00e1nh ph\u1ee5 thu\u1ed9c v\u00e0o c\u00e1c nh\u1eadn \u0111\u1ecbnh ch\u01b0a \u0111\u01b0\u1ee3c ki\u1ec3m ch\u1ee9ng.<\/p>\n<h2>C\u00e2u h\u1ecfi th\u01b0\u1eddng g\u1eb7p<\/h2>\n<h3>K\u00e8o t\u00e0i x\u1ec9u l\u00e0 g\u00ec? L\u00e0m sao \u0111\u1ec3 soi k\u00e8o t\u00e0i x\u1ec9u t\u1ea1i F8bet?<\/h3>\n<p>K\u00e8o t\u00e0i x\u1ec9u (Over\/Under) l\u00e0 lo\u1ea1i c\u01b0\u1ee3c d\u1ef1 \u0111o\u00e1n t\u1ed5ng s\u1ed1 b\u00e0n th\u1eafng c\u1ee7a tr\u1eadn \u0111\u1ea5u cao hay th\u1ea5p h\u01a1n m\u1ee9c nh\u00e0 c\u00e1i \u0111\u01b0a ra. \u0110\u1ec3 soi k\u00e8o t\u00e0i x\u1ec9u F8bet, b\u1ea1n truy c\u1eadp website F8bet, ch\u1ecdn tr\u1eadn \u0111\u1ea5u, ph\u00e2n t\u00edch phong \u0111\u1ed9 \u0111\u1ed9i b\u00f3ng, l\u1ecbch s\u1eed \u0111\u1ed1i \u0111\u1ea7u v\u00e0 bi\u1ebfn \u0111\u1ed9ng t\u1ef7 l\u1ec7 odds. K\u1ebft h\u1ee3p c\u00e1c y\u1ebfu t\u1ed1 n\u00e0y gi\u00fap b\u1ea1n \u0111\u01b0a ra quy\u1ebft \u0111\u1ecbnh ch\u00ednh x\u00e1c h\u01a1n.<\/p>\n<h3>F8bet c\u00f3 uy t\u00edn kh\u00f4ng? C\u00f3 \u0111\u01b0\u1ee3c c\u1ea5p ph\u00e9p kh\u00f4ng?<\/h3>\n<p>F8bet l\u00e0 nh\u00e0 c\u00e1i uy t\u00edn, ho\u1ea1t \u0111\u1ed9ng h\u1ee3p ph\u00e1p v\u1edbi gi\u1ea5y ph\u00e9p \u0111\u01b0\u1ee3c c\u1ea5p b\u1edfi t\u1ed5 ch\u1ee9c qu\u1ed1c t\u1ebf. H\u1ec7 th\u1ed1ng b\u1ea3o m\u1eadt hi\u1ec7n \u0111\u1ea1i \u0111\u1ea3m b\u1ea3o th\u00f4ng tin v\u00e0 giao d\u1ecbch c\u1ee7a ng\u01b0\u1eddi ch\u01a1i an to\u00e0n. B\u1ea1n c\u00f3 th\u1ec3 y\u00ean t\u00e2m tr\u1ea3i nghi\u1ec7m c\u00e1 c\u01b0\u1ee3c t\u1ea1i F8 Bet m\u00e0 kh\u00f4ng lo l\u1eafng v\u1ec1 v\u1ea5n \u0111\u1ec1 ph\u00e1p l\u00fd.<\/p>\n<h3>L\u00e0m th\u1ebf n\u00e0o \u0111\u1ec3 nh\u1eadn ho\u00e0n tr\u1ea3 2% t\u1ea1i F8bet?<\/h3>\n<p>Ch\u01b0\u01a1ng tr\u00ecnh ho\u00e0n tr\u1ea3 2% t\u1ea1i F8bet \u0111\u01b0\u1ee3c \u00e1p d\u1ee5ng t\u1ef1 \u0111\u1ed9ng cho m\u1ecdi th\u00e0nh vi\u00ean. B\u1ea1n kh\u00f4ng c\u1ea7n \u0111\u0103ng k\u00fd, m\u1ed7i ng\u00e0y h\u1ec7 th\u1ed1ng s\u1ebd t\u00ednh ti\u1ec1n c\u01b0\u1ee3c thua v\u00e0 ho\u00e0n tr\u1ea3 2% v\u00e0o t\u00e0i kho\u1ea3n. S\u1ed1 ti\u1ec1n ho\u00e0n tr\u1ea3 c\u00f3 th\u1ec3 r\u00fat ngay ho\u1eb7c d\u00f9ng \u0111\u1ec3 c\u01b0\u1ee3c ti\u1ebfp. Chi ti\u1ebft tham kh\u1ea3o ch\u00ednh s\u00e1ch tr\u00ean website.<\/p>\n<p>H\u00e3y \u0111\u0103ng k\u00fd t\u00e0i kho\u1ea3n F8bet ngay h\u00f4m nay \u0111\u1ec3 nh\u1eadn \u01b0u \u0111\u00e3i ho\u00e0n tr\u1ea3 2% v\u00e0 tr\u1ea3i nghi\u1ec7m soi k\u00e8o t\u00e0i x\u1ec9u \u0111\u1ec9nh cao. \u0110\u1eebng qu\u00ean truy c\u1eadp F8 Bet \u0111\u1ec3 kh\u00e1m ph\u00e1 th\u00eam nhi\u1ec1u c\u01a1 h\u1ed9i c\u00e1 c\u01b0\u1ee3c h\u1ea5p d\u1eabn.<\/p>\n","protected":false},"excerpt":{"rendered":"<p>B\u1ea1n \u0111ang t\u00ecm c\u00e1ch soi k\u00e8o t\u00e0i x\u1ec9u hi\u1ec7u qu\u1ea3? soi k\u00e8o t\u00e0i x\u1ec9u F8bet l\u00e0 c\u1ea9m nang to\u00e0n di\u1ec7n, t\u1eeb kh\u00e1i ni\u1ec7m c\u01a1 b\u1ea3n \u0111\u1ebfn chi\u1ebfn thu\u1eadt n\u00e2ng cao, gi\u00fap b\u1ea1n t\u1ef1 tin \u0111\u01b0a ra quy\u1ebft \u0111\u1ecbnh. F8bet kh\u00f4ng ch\u1ec9 n\u1ed5i b\u1eadt v\u1edbi t\u1ef7 l\u1ec7 c\u01b0\u1ee3c c\u1ea1nh tranh m\u00e0 c\u00f2n mang \u0111\u1ebfn ch\u00ednh s\u00e1ch [&#8230;]\n","protected":false},"author":2,"featured_media":207,"parent":0,"menu_order":0,"comment_status":"closed","ping_status":"closed","template":"","meta":{"rank_math_title":"Soi K\u00e8o T\u00e0i X\u1ec9u F8bet - H\u01b0\u1edbng D\u1eabn Chi Ti\u1ebft &amp; \u0110\u00e1nh Gi\u00e1 Nh\u00e0 C\u00e1i","rank_math_focus_keyword":"Soi k\u00e8o t\u00e0i x\u1ec9u","rank_math_description":"","footnotes":""},"class_list":["post-39","page","type-page","status-publish","has-post-thumbnail","hentry"],"_links":{"self":[{"href":"https:\/\/f8bet.hu.net\/index.php\/wp-json\/wp\/v2\/pages\/39","targetHints":{"allow":["GET"]}}],"collection":[{"href":"https:\/\/f8bet.hu.net\/index.php\/wp-json\/wp\/v2\/pages"}],"about":[{"href":"https:\/\/f8bet.hu.net\/index.php\/wp-json\/wp\/v2\/types\/page"}],"author":[{"embeddable":true,"href":"https:\/\/f8bet.hu.net\/index.php\/wp-json\/wp\/v2\/users\/2"}],"replies":[{"embeddable":true,"href":"https:\/\/f8bet.hu.net\/index.php\/wp-json\/wp\/v2\/comments?post=39"}],"version-history":[{"count":2,"href":"https:\/\/f8bet.hu.net\/index.php\/wp-json\/wp\/v2\/pages\/39\/revisions"}],"predecessor-version":[{"id":300,"href":"https:\/\/f8bet.hu.net\/index.php\/wp-json\/wp\/v2\/pages\/39\/revisions\/300"}],"wp:featuredmedia":[{"embeddable":true,"href":"https:\/\/f8bet.hu.net\/index.php\/wp-json\/wp\/v2\/media\/207"}],"wp:attachment":[{"href":"https:\/\/f8bet.hu.net\/index.php\/wp-json\/wp\/v2\/media?parent=39"}],"curies":[{"name":"wp","href":"https:\/\/api.w.org\/{rel}","templated":true}]}}